{"id":33,"date":"2023-11-06T20:22:03","date_gmt":"2023-11-06T20:22:03","guid":{"rendered":"https:\/\/eiscafe-dolce-vita.com\/?page_id=33"},"modified":"2023-11-06T20:49:22","modified_gmt":"2023-11-06T20:49:22","slug":"impressum","status":"publish","type":"page","link":"https:\/\/eiscafe-dolce-vita.com\/index.php\/impressum\/","title":{"rendered":"Impressum"},"content":{"rendered":"\t\t<div data-elementor-type=\"wp-page\" data-elementor-id=\"33\" class=\"elementor elementor-33\" data-elementor-post-type=\"page\">\n\t\t\t\t<div class=\"elementor-element elementor-element-2527cd3d e-flex e-con-boxed e-con e-parent\" data-id=\"2527cd3d\" data-element_type=\"container\" data-e-type=\"container\">\n\t\t\t\t\t<div class=\"e-con-inner\">\n\t\t\t\t<div class=\"elementor-element elementor-element-5633f041 elementor-invisible elementor-widget elementor-widget-heading\" data-id=\"5633f041\" data-element_type=\"widget\" data-e-type=\"widget\" data-settings=\"{&quot;_animation&quot;:&quot;fadeInDown&quot;}\" data-widget_type=\"heading.default\">\n\t\t\t\t<div class=\"elementor-widget-container\">\n\t\t\t\t\t<h2 class=\"elementor-heading-title elementor-size-default\">Eiscaf\u00e9 Dolce Vita<\/h2>\t\t\t\t<\/div>\n\t\t\t\t<\/div>\n\t\t\t\t\t<\/div>\n\t\t\t\t<\/div>\n\t\t<div class=\"elementor-element elementor-element-8ea2567 e-flex e-con-boxed e-con e-parent\" data-id=\"8ea2567\" data-element_type=\"container\" data-e-type=\"container\">\n\t\t\t\t\t<div class=\"e-con-inner\">\n\t\t\t\t<div class=\"elementor-element elementor-element-bdba845 elementor-widget elementor-widget-spacer\" data-id=\"bdba845\" data-element_type=\"widget\" data-e-type=\"widget\" data-widget_type=\"spacer.default\">\n\t\t\t\t<div class=\"elementor-widget-container\">\n\t\t\t\t\t\t\t<div class=\"elementor-spacer\">\n\t\t\t<div class=\"elementor-spacer-inner\"><\/div>\n\t\t<\/div>\n\t\t\t\t\t\t<\/div>\n\t\t\t\t<\/div>\n\t\t\t\t\t<\/div>\n\t\t\t\t<\/div>\n\t\t<div class=\"elementor-element elementor-element-5ee93fb e-flex e-con-boxed e-con e-parent\" data-id=\"5ee93fb\" data-element_type=\"container\" data-e-type=\"container\">\n\t\t\t\t\t<div class=\"e-con-inner\">\n\t\t\t\t<div class=\"elementor-element elementor-element-af8fb42 elementor-widget elementor-widget-heading\" data-id=\"af8fb42\" data-element_type=\"widget\" data-e-type=\"widget\" data-widget_type=\"heading.default\">\n\t\t\t\t<div class=\"elementor-widget-container\">\n\t\t\t\t\t<h2 class=\"elementor-heading-title elementor-size-default\">Impressum<\/h2>\t\t\t\t<\/div>\n\t\t\t\t<\/div>\n\t\t\t\t\t<\/div>\n\t\t\t\t<\/div>\n\t\t<div class=\"elementor-element elementor-element-b972aec e-flex e-con-boxed e-con e-parent\" data-id=\"b972aec\" data-element_type=\"container\" data-e-type=\"container\">\n\t\t\t\t\t<div class=\"e-con-inner\">\n\t\t\t\t<div class=\"elementor-element elementor-element-60fa91a elementor-widget elementor-widget-text-editor\" data-id=\"60fa91a\" data-element_type=\"widget\" data-e-type=\"widget\" data-widget_type=\"text-editor.default\">\n\t\t\t\t<div class=\"elementor-widget-container\">\n\t\t\t\t\t\t\t\t\t<p>Angaben gem\u00e4\u00df \u00a7 5 TMG<br \/>Mario Martins<br \/>Hauptstra\u00dfe 14<br \/>65812 Bad Soden am Taunus<\/p><p><strong>Kontakt<\/strong><br \/>Telefon: +49 (0) 06196 9541666<\/p><p>E-Mail: hallo@eiscafe-dolce-vita.com<\/p><p><strong>Redaktionell verantwortlich<\/strong><br \/>Mario Martins<br \/>Hauptstra\u00dfe 14<br \/>65812 Bad Soden am Taunus<\/p><p>Quelle:<br \/>https:\/\/www.e-recht24.de<\/p>\t\t\t\t\t\t\t\t<\/div>\n\t\t\t\t<\/div>\n\t\t\t\t\t<\/div>\n\t\t\t\t<\/div>\n\t\t\t\t<\/div>\n\t\t","protected":false},"excerpt":{"rendered":"<p>Eiscaf\u00e9 Dolce Vita Impressum Angaben gem\u00e4\u00df \u00a7 5 TMGMario MartinsHauptstra\u00dfe 1465812 Bad Soden am Taunus KontaktTelefon: +49 (0) 06196 9541666 E-Mail: hallo@eiscafe-dolce-vita.com Redaktionell verantwortlichMario MartinsHauptstra\u00dfe 1465812 Bad Soden am Taunus Quelle:https:\/\/www.e-recht24.de<\/p>\n","protected":false},"author":1,"featured_media":0,"parent":0,"menu_order":0,"comment_status":"closed","ping_status":"closed","template":"elementor_canvas","meta":{"footnotes":""},"class_list":["post-33","page","type-page","status-publish","hentry"],"_links":{"self":[{"href":"https:\/\/eiscafe-dolce-vita.com\/index.php\/wp-json\/wp\/v2\/pages\/33","targetHints":{"allow":["GET"]}}],"collection":[{"href":"https:\/\/eiscafe-dolce-vita.com\/index.php\/wp-json\/wp\/v2\/pages"}],"about":[{"href":"https:\/\/eiscafe-dolce-vita.com\/index.php\/wp-json\/wp\/v2\/types\/page"}],"author":[{"embeddable":true,"href":"https:\/\/eiscafe-dolce-vita.com\/index.php\/wp-json\/wp\/v2\/users\/1"}],"replies":[{"embeddable":true,"href":"https:\/\/eiscafe-dolce-vita.com\/index.php\/wp-json\/wp\/v2\/comments?post=33"}],"version-history":[{"count":10,"href":"https:\/\/eiscafe-dolce-vita.com\/index.php\/wp-json\/wp\/v2\/pages\/33\/revisions"}],"predecessor-version":[{"id":60,"href":"https:\/\/eiscafe-dolce-vita.com\/index.php\/wp-json\/wp\/v2\/pages\/33\/revisions\/60"}],"wp:attachment":[{"href":"https:\/\/eiscafe-dolce-vita.com\/index.php\/wp-json\/wp\/v2\/media?parent=33"}],"curies":[{"name":"wp","href":"https:\/\/api.w.org\/{rel}","templated":true}]}}